{"id":3,"date":"2023-08-26T17:47:21","date_gmt":"2023-08-26T17:47:21","guid":{"rendered":"http:\/\/mediele.cl\/?page_id=3"},"modified":"2023-08-30T18:46:32","modified_gmt":"2023-08-30T18:46:32","slug":"privacy-policy","status":"publish","type":"page","link":"https:\/\/mediele.cl\/?page_id=3","title":{"rendered":"P\u00f3liza de privacidad"},"content":{"rendered":"\n<h2 class=\"wp-block-heading\">Quienes Somos<\/h2>\n\n\n\n<p>Somos una empresa comprometida con el bienestar y la salud de nuestra comunidad, cumpliendo siempre con todos los est\u00e1ndares de calidad y excelencia, con personal m\u00e9dico avalado por la superintendencia de salud y el objetivo de brindar la mejor atenci\u00f3n en cada uno de los servicios que ofrecemos. <\/p>\n\n\n\n<h2 class=\"wp-block-heading\">Comentarios<\/h2>\n\n\n\n<p>Cuando los visitantes deciden dejar un comentario en el sitio web, guardamos la informacion mostrada en el formulario de contacto, as\u00ed como la direccion IP para poder detectar y evitar spam..<\/p>\n\n\n\n<h2 class=\"wp-block-heading\">Media<\/h2>\n\n\n\n<p>Evita publicar im\u00e1genes con informaf you uploadcion incorporada (EXIF GPS). Los dem\u00e1s visitantes podr\u00edan descargar y extraer cualquier informacion referente a la ubicacion de estas im\u00e1genes en la p\u00e1gina web.<\/p>\n\n\n\n<h2 class=\"wp-block-heading\">Cookies<\/h2>\n\n\n\n<p>Solo almacenamos la informaci\u00f3n que los pacientes (o posibles pacientes) decidan proporcionar en el formulario de contacto \u00fanicamente para poder brindar nuestros servicios<\/p>\n\n\n\n<h2 class=\"wp-block-heading\">Informacion incorporada de otros sitios web<\/h2>\n\n\n\n<p>Esta p\u00e1gina web contiene imagenes con distintos derechos de autor extraidos directamente de la biblioteca de im\u00e1genes de WordPress y de la p\u00e1gina web <a href=\"https:\/\/unsplash.com\/\" target=\"_blank\" rel=\"noopener\" title=\"https:\/\/unsplash.com\/\">https:\/\/unsplash.com\/<\/a><\/p>\n\n\n\n<h2 class=\"wp-block-heading\">Donde son almacenados los datos <\/h2>\n\n\n\n<p>La informaci\u00f3n suministrada por los pacientes (o posibles pacientes) es enviada al correo corporativo de la empresa contacto@mediele.cl, la informaci\u00f3n ah\u00ed almacenada goza de la misma seguridad que la informaci\u00f3n interna de la empresa, y al igual que esta presenta, como todo, riesgo de ser interceptada por terceros.<\/p>\n","protected":false},"excerpt":{"rendered":"<p>Quienes Somos Somos una empresa comprometida con el bienestar y la salud de nuestra comunidad, cumpliendo siempre con todos los est\u00e1ndares de calidad y excelencia, con personal m\u00e9dico avalado por la superintendencia de salud y el objetivo de brindar la mejor atenci\u00f3n en cada uno de los servicios que ofrecemos. Comentarios Cuando los visitantes deciden &hellip;<\/p>\n<p class=\"read-more\"> <a class=\"\" href=\"https:\/\/mediele.cl\/?page_id=3\"> <span class=\"screen-reader-text\">P\u00f3liza de privacidad<\/span> Leer m\u00e1s &raquo;<\/a><\/p>\n","protected":false},"author":1,"featured_media":0,"parent":0,"menu_order":0,"comment_status":"closed","ping_status":"closed","template":"","meta":{"_uag_custom_page_level_css":"","site-sidebar-layout":"default","site-content-layout":"","ast-site-content-layout":"default","site-content-style":"default","site-sidebar-style":"default","ast-global-header-display":"","ast-banner-title-visibility":"","ast-main-header-display":"","ast-hfb-above-header-display":"","ast-hfb-below-header-display":"","ast-hfb-mobile-header-display":"","site-post-title":"disabled","ast-breadcrumbs-content":"","ast-featured-img":"","footer-sml-layout":"","theme-transparent-header-meta":"","adv-header-id-meta":"","stick-header-meta":"","header-above-stick-meta":"","header-main-stick-meta":"","header-below-stick-meta":"","astra-migrate-meta-layouts":"set","footnotes":""},"class_list":["post-3","page","type-page","status-publish","hentry"],"aioseo_notices":[],"uagb_featured_image_src":{"full":false,"thumbnail":false,"medium":false,"medium_large":false,"large":false,"1536x1536":false,"2048x2048":false,"depicter-thumbnail":false},"uagb_author_info":{"display_name":"mediele.cl","author_link":"https:\/\/mediele.cl\/?author=1"},"uagb_comment_info":0,"uagb_excerpt":"Quienes Somos Somos una empresa comprometida con el bienestar y la salud de nuestra comunidad, cumpliendo siempre con todos los est\u00e1ndares de calidad y excelencia, con personal m\u00e9dico avalado por la superintendencia de salud y el objetivo de brindar la mejor atenci\u00f3n en cada uno de los servicios que ofrecemos. Comentarios Cuando los visitantes deciden&hellip;","_links":{"self":[{"href":"https:\/\/mediele.cl\/index.php?rest_route=\/wp\/v2\/pages\/3","targetHints":{"allow":["GET"]}}],"collection":[{"href":"https:\/\/mediele.cl\/index.php?rest_route=\/wp\/v2\/pages"}],"about":[{"href":"https:\/\/mediele.cl\/index.php?rest_route=\/wp\/v2\/types\/page"}],"author":[{"embeddable":true,"href":"https:\/\/mediele.cl\/index.php?rest_route=\/wp\/v2\/users\/1"}],"replies":[{"embeddable":true,"href":"https:\/\/mediele.cl\/index.php?rest_route=%2Fwp%2Fv2%2Fcomments&post=3"}],"version-history":[{"count":4,"href":"https:\/\/mediele.cl\/index.php?rest_route=\/wp\/v2\/pages\/3\/revisions"}],"predecessor-version":[{"id":881,"href":"https:\/\/mediele.cl\/index.php?rest_route=\/wp\/v2\/pages\/3\/revisions\/881"}],"wp:attachment":[{"href":"https:\/\/mediele.cl\/index.php?rest_route=%2Fwp%2Fv2%2Fmedia&parent=3"}],"curies":[{"name":"wp","href":"https:\/\/api.w.org\/{rel}","templated":true}]}}